{"id":9,"date":"2010-07-06T15:32:22","date_gmt":"2010-07-06T13:32:22","guid":{"rendered":"http:\/\/www.trekronerif.dk\/Wordpress\/?page_id=9"},"modified":"2018-08-05T11:18:10","modified_gmt":"2018-08-05T09:18:10","slug":"fodbold","status":"publish","type":"page","link":"https:\/\/www.trekronerif.dk\/index.php\/aktiviteter-2\/fodbold\/","title":{"rendered":"Fodbold for voksne"},"content":{"rendered":"<p style=\"text-align: left;\"><strong>K\u00e6re nye medlem &#8211; Vi spiller indend\u00f8rsfodbold p\u00e5 Trekronerskolen i vinterhalv\u00e5ret<\/strong><\/p>\n<p>Vi deler hold og hyggespiller p\u00e5 et sveddryppende niveau!<\/p>\n<p>Tr\u00e6ningen foreg\u00e5r i hallen ved Trekronerskolen og starter den f\u00f8rste torsdag i september fra kl. 21 til 23. Vi slutter sidste torsdag i april.<\/p>\n<p>Kontingentet er 200 kr.<\/p>\n<p>Hvis du er interesseret i at deltage, s\u00e5 kontakt Peter Hansen, tlf. 77410123<\/p>\n<p><strong>Sted<\/strong><\/p>\n<p>Hallen ved Trekronerskolen<\/p>\n<p><strong>Tid<\/strong><\/p>\n<p>Torsdag Kl. 21:00-23:00<\/p>\n<p><strong>Periode<\/strong><\/p>\n<p>Fra starten af september til udgangen af april.<\/p>\n<p><strong>Kontakt<\/strong><\/p>\n<p>Peter Hansen<\/p>\n<p>tlf. 77410123<\/p>\n<p>mail: fodbold(snabela)trekronerif.dk<\/p>\n<p><strong>Tilmelding<\/strong><br \/>\n<a title=\"Online tilmelding\" href=\"http:\/\/www.trekronerif.dk\/?page_id=532\" target=\"_blank\"> via hjemmesiden<\/a><\/p>\n<p><strong>Pris<\/strong><\/p>\n<p>200,- kr<\/p>\n","protected":false},"excerpt":{"rendered":"<p>K\u00e6re nye medlem &#8211; Vi spiller indend\u00f8rsfodbold p\u00e5 Trekronerskolen i vinterhalv\u00e5ret Vi deler hold og hyggespiller p\u00e5 et sveddryppende niveau! Tr\u00e6ningen foreg\u00e5r i hallen ved Trekronerskolen og starter den f\u00f8rste torsdag i september fra kl. 21 til 23. Vi slutter &hellip; <a href=\"https:\/\/www.trekronerif.dk\/index.php\/aktiviteter-2\/fodbold\/\">Continue reading <span class=\"meta-nav\">&rarr;<\/span><\/a><\/p>\n","protected":false},"author":1,"featured_media":0,"parent":5,"menu_order":0,"comment_status":"closed","ping_status":"closed","template":"","meta":{"footnotes":""},"class_list":["post-9","page","type-page","status-publish","hentry"],"_links":{"self":[{"href":"https:\/\/www.trekronerif.dk\/index.php\/wp-json\/wp\/v2\/pages\/9","targetHints":{"allow":["GET"]}}],"collection":[{"href":"https:\/\/www.trekronerif.dk\/index.php\/wp-json\/wp\/v2\/pages"}],"about":[{"href":"https:\/\/www.trekronerif.dk\/index.php\/wp-json\/wp\/v2\/types\/page"}],"author":[{"embeddable":true,"href":"https:\/\/www.trekronerif.dk\/index.php\/wp-json\/wp\/v2\/users\/1"}],"replies":[{"embeddable":true,"href":"https:\/\/www.trekronerif.dk\/index.php\/wp-json\/wp\/v2\/comments?post=9"}],"version-history":[{"count":29,"href":"https:\/\/www.trekronerif.dk\/index.php\/wp-json\/wp\/v2\/pages\/9\/revisions"}],"predecessor-version":[{"id":33,"href":"https:\/\/www.trekronerif.dk\/index.php\/wp-json\/wp\/v2\/pages\/9\/revisions\/33"}],"up":[{"embeddable":true,"href":"https:\/\/www.trekronerif.dk\/index.php\/wp-json\/wp\/v2\/pages\/5"}],"wp:attachment":[{"href":"https:\/\/www.trekronerif.dk\/index.php\/wp-json\/wp\/v2\/media?parent=9"}],"curies":[{"name":"wp","href":"https:\/\/api.w.org\/{rel}","templated":true}]}}