{"id":66,"date":"2010-08-11T14:02:39","date_gmt":"2010-08-11T12:02:39","guid":{"rendered":"http:\/\/www.trekronerif.dk\/Wordpress\/?page_id=66"},"modified":"2024-08-19T12:50:22","modified_gmt":"2024-08-19T12:50:22","slug":"familiegymnastik","status":"publish","type":"page","link":"https:\/\/www.trekronerif.dk\/index.php\/aktiviteter-2\/familiegymnastik\/","title":{"rendered":"Familiegymnastik i Trekronerhallen"},"content":{"rendered":"<p>En k\u00e6mpe hal med masser af sjove redskaber og et hurlumhej af b\u00f8rn, for\u00e6ldre og bedstefor\u00e6ldre.<\/p>\n<p>Dette er ingredienserne til en god omgang familiegymnastik i Trekronerhallen s\u00f8ndag formiddag. Meningen med holdet er at skabe et forum, hvor du kan komme og lege\/springe\/tumle med dit eget og naboernes b\u00f8rn og hyggesnakke med de andre voksne.<\/p>\n<p>Familiegymnastik indeb\u00e6rer 100% for\u00e6ldreinvolvering, men der er knyttet ca. 3 instrukt\u00f8rer til holdet. Instrukt\u00f8rerne har ansvaret for at \u00e5bne og lukke hallen samt at st\u00e5 for en kort opvarmning, der altid indledes med \u201cgoddagsangen\u201d. Herefter hj\u00e6lper alle med at bygge en redskabsbane, og vi finder bolde, hockeystave og andet sjovt frem fra redskabsrummet. Alle hj\u00e6lper ogs\u00e5 med oprydningen igen. Og s\u00e5 slutter vi af med \u201cfarvelsangen\u201d.<\/p>\n<p>Vores m\u00e5lgruppe er b\u00f8rn fra 2 til 6 \u00e5r, og alle deltagende b\u00f8rn i denne aldersgruppe skal tilmeldes og betale kontingent via TIF\u2019s hjemmeside.<\/p>\n<p>Mindre og st\u00f8rre s\u00f8skende udenfor m\u00e5lgruppen er velkomne som g\u00e6ster. Det er barnets navn og f\u00f8dselsdato, der skal angives ved tilmelding. Der skal laves \u00e9n tilmelding for hvert deltager.<\/p>\n<p>Prisen er 250 kr. pr. barn for hele perioden (voksne er gratis, s\u00e5 tag endelig b\u00e5de mor og far eller bedstefor\u00e6ldre med).<\/p>\n<p>I er velkomne til at deltage en enkelt gang, inden I beslutter jer for at tilmelde jer holdet.<\/p>\n<p>Bem\u00e6rk at instrukt\u00f8rernes bedste mulighed for at kommunikere med alle de mange deltagere er via Facebooksiden \u201dTIF Familiegymnastik\u201d \u2013 s\u00e5 f\u00f8lg med her.<\/p>\n<p>Tilmelding og betaling sker <a title=\"Online tilmelding\" href=\"http:\/\/www.trekronerif.dk\/?page_id=532\" target=\"_blank\" rel=\"noopener\"> via hjemmesiden<\/a>.<\/p>\n<p><strong>Sted<\/strong><\/p>\n<p>I hallen p\u00e5 Trekronerskolen (Trekronerhallen)<\/p>\n<p><strong>Tidspunkt<\/strong><\/p>\n<p>S\u00f8ndag kl. 9:30-11:00, kun de s\u00f8ndage hvor instrukt\u00f8rer kan, pga. at der kun er f\u00e5 instrukt\u00f8rer.<\/p>\n<p><strong>Periode<\/strong><\/p>\n<p>September til juni.<br \/>\nDer afholdes familiegymnastik p\u00e5 de s\u00f8ndage, hvor en instrukt\u00f8r har mulighed for at tage vagten. \u2018\u00c5bne\u2019 s\u00f8ndage meldes ud via Facebook<br \/>\nHoldet er aflyst ifm. sygdom og hvis hallen er udl\u00e5nt til anden side.<\/p>\n<p><strong>Aldersgruppe<\/strong><\/p>\n<p>2-6 \u00e5r<\/p>\n<p><strong>Holdansvarlig<\/strong><\/p>\n<p>Jesper Dines Larsen<br \/>\nemail: familiegymnastik(snabela)trekronerif.dk<\/p>\n<p><strong>Pris<\/strong><br \/>\n250 kr<\/p>\n","protected":false},"excerpt":{"rendered":"<p>En k\u00e6mpe hal med masser af sjove redskaber og et hurlumhej af b\u00f8rn, for\u00e6ldre og bedstefor\u00e6ldre. Dette er ingredienserne til en god omgang familiegymnastik i Trekronerhallen s\u00f8ndag formiddag. Meningen med holdet er at skabe et forum, hvor du kan komme &hellip; <a href=\"https:\/\/www.trekronerif.dk\/index.php\/aktiviteter-2\/familiegymnastik\/\">Continue reading <span class=\"meta-nav\">&rarr;<\/span><\/a><\/p>\n","protected":false},"author":1,"featured_media":0,"parent":5,"menu_order":0,"comment_status":"closed","ping_status":"closed","template":"","meta":{"footnotes":""},"class_list":["post-66","page","type-page","status-publish","hentry"],"_links":{"self":[{"href":"https:\/\/www.trekronerif.dk\/index.php\/wp-json\/wp\/v2\/pages\/66","targetHints":{"allow":["GET"]}}],"collection":[{"href":"https:\/\/www.trekronerif.dk\/index.php\/wp-json\/wp\/v2\/pages"}],"about":[{"href":"https:\/\/www.trekronerif.dk\/index.php\/wp-json\/wp\/v2\/types\/page"}],"author":[{"embeddable":true,"href":"https:\/\/www.trekronerif.dk\/index.php\/wp-json\/wp\/v2\/users\/1"}],"replies":[{"embeddable":true,"href":"https:\/\/www.trekronerif.dk\/index.php\/wp-json\/wp\/v2\/comments?post=66"}],"version-history":[{"count":41,"href":"https:\/\/www.trekronerif.dk\/index.php\/wp-json\/wp\/v2\/pages\/66\/revisions"}],"predecessor-version":[{"id":2718,"href":"https:\/\/www.trekronerif.dk\/index.php\/wp-json\/wp\/v2\/pages\/66\/revisions\/2718"}],"up":[{"embeddable":true,"href":"https:\/\/www.trekronerif.dk\/index.php\/wp-json\/wp\/v2\/pages\/5"}],"wp:attachment":[{"href":"https:\/\/www.trekronerif.dk\/index.php\/wp-json\/wp\/v2\/media?parent=66"}],"curies":[{"name":"wp","href":"https:\/\/api.w.org\/{rel}","templated":true}]}}