{"id":626,"date":"2013-04-24T11:13:40","date_gmt":"2013-04-24T09:13:40","guid":{"rendered":"http:\/\/www.trekronerif.dk\/?page_id=626"},"modified":"2018-02-28T21:41:55","modified_gmt":"2018-02-28T19:41:55","slug":"626-2","status":"publish","type":"page","link":"https:\/\/www.trekronerif.dk\/index.php\/626-2\/","title":{"rendered":"webshop &#8211; Workout kombinerede hold"},"content":{"rendered":"<p>Her f\u00e5r du rabat for tilmelding til flere workout hold p\u00e5 \u00e9n gang:<\/p>\n<p><a href=\"http:\/\/www.trekronerif.dk?page_id=532\" title=\"Tilbage til webshop, alle hold\">Tilbage til alle hold<\/a><br \/>\n<iframe loading=\"lazy\" width=\"100%\" height=\"500\" frameborder=\"0\" src=\"https:\/\/www.conventus.dk\/dataudv\/www\/holdoversigt2_iframe.php?foreningsid=4346&#038;afdelingsid=23444&#038;handelsbetingelser=1&#038;reservationer=vis&#038;skjul_nyt_medlem=0&#038;skjul_allerede_medlem=0&#038;kolone1_width=50&#038;kolone2_width=50&#038;min_height=250\"><\/iframe><\/p>\n<p><a href=\"\/\">Til forsiden<\/a> <\/p>\n","protected":false},"excerpt":{"rendered":"<p>Her f\u00e5r du rabat for tilmelding til flere workout hold p\u00e5 \u00e9n gang: Tilbage til alle hold Til forsiden<\/p>\n","protected":false},"author":1,"featured_media":0,"parent":0,"menu_order":0,"comment_status":"closed","ping_status":"closed","template":"","meta":{"footnotes":""},"class_list":["post-626","page","type-page","status-publish","hentry"],"_links":{"self":[{"href":"https:\/\/www.trekronerif.dk\/index.php\/wp-json\/wp\/v2\/pages\/626","targetHints":{"allow":["GET"]}}],"collection":[{"href":"https:\/\/www.trekronerif.dk\/index.php\/wp-json\/wp\/v2\/pages"}],"about":[{"href":"https:\/\/www.trekronerif.dk\/index.php\/wp-json\/wp\/v2\/types\/page"}],"author":[{"embeddable":true,"href":"https:\/\/www.trekronerif.dk\/index.php\/wp-json\/wp\/v2\/users\/1"}],"replies":[{"embeddable":true,"href":"https:\/\/www.trekronerif.dk\/index.php\/wp-json\/wp\/v2\/comments?post=626"}],"version-history":[{"count":12,"href":"https:\/\/www.trekronerif.dk\/index.php\/wp-json\/wp\/v2\/pages\/626\/revisions"}],"predecessor-version":[{"id":1781,"href":"https:\/\/www.trekronerif.dk\/index.php\/wp-json\/wp\/v2\/pages\/626\/revisions\/1781"}],"wp:attachment":[{"href":"https:\/\/www.trekronerif.dk\/index.php\/wp-json\/wp\/v2\/media?parent=626"}],"curies":[{"name":"wp","href":"https:\/\/api.w.org\/{rel}","templated":true}]}}