{"id":62,"date":"2010-08-11T14:00:28","date_gmt":"2010-08-11T12:00:28","guid":{"rendered":"http:\/\/www.trekronerif.dk\/Wordpress\/?page_id=62"},"modified":"2024-07-02T15:24:15","modified_gmt":"2024-07-02T15:24:15","slug":"volleyball","status":"publish","type":"page","link":"https:\/\/www.trekronerif.dk\/index.php\/aktiviteter-2\/volleyball\/","title":{"rendered":"Volleyball"},"content":{"rendered":"<p>M\u00f8d op, varm op og s\u00e5 er der spil over nettet. Invitation til hyggelig og sveddryppende volleyball med mange kampe og gode grin. Vi har ingen tr\u00e6ner, men elsker de t\u00e6tte mandagskampe i hallen p\u00e5 Trekronerskolen.<\/p>\n<p>Du kan spille volleyball mandag aften kl. 20 til 22:20 i Trekronerhallen. S\u00e6sonen begynder i august sammen med skolen og slutter med udgangen af maj.<\/p>\n<p>Vi spiller mix-volley for m\u00e6nd og kvinder.<br \/>\nVi forventer at du har spillet lidt volley tidligere, og kender grundslag og serv.<br \/>\nVi r\u00e5der over to volleyballbaner, s\u00e5 vi kan evt. dele op i hold efter hvor \u00f8vede spillere vi er.<br \/>\nVi varmer lidt op i starten og aftaler l\u00f8bende hvordan vi vil k\u00f8re det.<\/p>\n<p>Der er ingen instrukt\u00f8r eller tr\u00e6ner, derfor kan vi holde prisen<br \/>\nnede p\u00e5 200 kr. pr. person for hele s\u00e6sonen.<\/p>\n<p>Sp\u00f8rgsm\u00e5l vedr. volleyball kan rettes til Allan Skaarup (se kontaktoplysninger nedenfor)<\/p>\n<p>Tilmelding og betaling sker <a title=\"Online tilmelding\" href=\"http:\/\/www.trekronerif.dk\/?page_id=532\" target=\"_blank\" rel=\"noopener\"> via hjemmesiden<\/a>.<\/p>\n<p><strong>Sted<\/strong><br \/>\nHallen p\u00e5 Trekronerskolen (Trekronerhallen)<\/p>\n<p><strong>Tid<\/strong><br \/>\nMandag Kl. 20:00-22:20<\/p>\n<p><strong>Periode<\/strong><br \/>\nStart 8. august frem til skole\u00e5rets slut<\/p>\n<p><strong>Kontakt<\/strong><\/p>\n<p>Allan Skaarup<\/p>\n<p>tlf. 30 29 28 11<\/p>\n<p>mail: volley(snabela)trekronerif.dk<\/p>\n<p><strong>Tilmelding<\/strong><br \/>\nDer \u00e5bnes for tilmeldinger midt i juli.<\/p>\n<p><strong>Pris<\/strong><br \/>\n200,- kr.<\/p>\n","protected":false},"excerpt":{"rendered":"<p>M\u00f8d op, varm op og s\u00e5 er der spil over nettet. Invitation til hyggelig og sveddryppende volleyball med mange kampe og gode grin. Vi har ingen tr\u00e6ner, men elsker de t\u00e6tte mandagskampe i hallen p\u00e5 Trekronerskolen. Du kan spille volleyball &hellip; <a href=\"https:\/\/www.trekronerif.dk\/index.php\/aktiviteter-2\/volleyball\/\">Continue reading <span class=\"meta-nav\">&rarr;<\/span><\/a><\/p>\n","protected":false},"author":1,"featured_media":0,"parent":5,"menu_order":0,"comment_status":"closed","ping_status":"closed","template":"","meta":{"footnotes":""},"class_list":["post-62","page","type-page","status-publish","hentry"],"_links":{"self":[{"href":"https:\/\/www.trekronerif.dk\/index.php\/wp-json\/wp\/v2\/pages\/62","targetHints":{"allow":["GET"]}}],"collection":[{"href":"https:\/\/www.trekronerif.dk\/index.php\/wp-json\/wp\/v2\/pages"}],"about":[{"href":"https:\/\/www.trekronerif.dk\/index.php\/wp-json\/wp\/v2\/types\/page"}],"author":[{"embeddable":true,"href":"https:\/\/www.trekronerif.dk\/index.php\/wp-json\/wp\/v2\/users\/1"}],"replies":[{"embeddable":true,"href":"https:\/\/www.trekronerif.dk\/index.php\/wp-json\/wp\/v2\/comments?post=62"}],"version-history":[{"count":44,"href":"https:\/\/www.trekronerif.dk\/index.php\/wp-json\/wp\/v2\/pages\/62\/revisions"}],"predecessor-version":[{"id":2701,"href":"https:\/\/www.trekronerif.dk\/index.php\/wp-json\/wp\/v2\/pages\/62\/revisions\/2701"}],"up":[{"embeddable":true,"href":"https:\/\/www.trekronerif.dk\/index.php\/wp-json\/wp\/v2\/pages\/5"}],"wp:attachment":[{"href":"https:\/\/www.trekronerif.dk\/index.php\/wp-json\/wp\/v2\/media?parent=62"}],"curies":[{"name":"wp","href":"https:\/\/api.w.org\/{rel}","templated":true}]}}