{"id":44,"date":"2010-08-11T13:51:13","date_gmt":"2010-08-11T11:51:13","guid":{"rendered":"http:\/\/www.trekronerif.dk\/Wordpress\/?page_id=44"},"modified":"2024-08-27T10:08:18","modified_gmt":"2024-08-27T10:08:18","slug":"badminton","status":"publish","type":"page","link":"https:\/\/www.trekronerif.dk\/index.php\/aktiviteter-2\/badminton\/","title":{"rendered":"Badminton"},"content":{"rendered":"<p>Badminton er for voksne og er uden tr\u00e6ning.<\/p>\n<p>Man skal v\u00e6re mindst 15 \u00e5r.<\/p>\n<p>Man m\u00f8der op med egen ketcher og egne bolde med egen makker\/makkere og hj\u00e6lper selv med til at s\u00e6tte net op og tage dem ned igen.<\/p>\n<p>For at give spilletid til flest mulige, s\u00e5 vil spillerne blive fordelt med 4 p\u00e5 hver bane og f\u00e5 tildelt et fast banenummer (bane 1-5). Har man tilmeldt sig 2 med \u00f8nske om at spille single, s\u00e5 m\u00e5 man selv aftale med de andre 2 p\u00e5 den tildelte bane, om hvert par skal spille en halv time hver uge, spille hveranden uge eller spiller double alle 4 hver uge. I praksis er der dog ofte plads, da ikke alle kommer hver gang.<\/p>\n<p>Tilmelding og betaling sker <a title=\"Online tilmelding\" href=\"http:\/\/www.trekronerif.dk\/?page_id=532\" target=\"_blank\" rel=\"noopener\"> via hjemmesiden<\/a>.<\/p>\n<p>Betaling er lig tilmelding. Husk at anf\u00f8re e-mail for alle spillere, s\u00e5 du kan f\u00e5 besked, hvis der er \u00e6ndringer.<\/p>\n<p>Hvis du er interesseret i at deltage, s\u00e5 kontakt Troels Hoff (se kontaktopl. nedenfor)<\/p>\n<p><strong>Sted<\/strong><br \/>\nHallen p\u00e5 Trekronerskolen (Trekronerhallen)<\/p>\n<p><strong>Tid<\/strong><br \/>\nTorsdag kl. 19:00-20:00 eller 20:00-21:00<\/p>\n<p><strong>Periode<\/strong><br \/>\nFra f\u00f8rste torsdag i september til sidste torsdag i maj.<\/p>\n<p><strong>Kontakt<\/strong><\/p>\n<p>Troels Hoff<\/p>\n<p>tlf. 22 77 32 58<\/p>\n<p>mail: badminton(snabela)trekronerif.dk<\/p>\n<p><strong>Tilmelding<\/strong><br \/>\nDer \u00e5bnes for tilmeldinger i starten af august.<\/p>\n<p><strong>Pris<\/strong><br \/>\n300,- kr.<\/p>\n","protected":false},"excerpt":{"rendered":"<p>Badminton er for voksne og er uden tr\u00e6ning. Man skal v\u00e6re mindst 15 \u00e5r. Man m\u00f8der op med egen ketcher og egne bolde med egen makker\/makkere og hj\u00e6lper selv med til at s\u00e6tte net op og tage dem ned igen. &hellip; <a href=\"https:\/\/www.trekronerif.dk\/index.php\/aktiviteter-2\/badminton\/\">Continue reading <span class=\"meta-nav\">&rarr;<\/span><\/a><\/p>\n","protected":false},"author":1,"featured_media":0,"parent":5,"menu_order":0,"comment_status":"closed","ping_status":"closed","template":"","meta":{"footnotes":""},"class_list":["post-44","page","type-page","status-publish","hentry"],"_links":{"self":[{"href":"https:\/\/www.trekronerif.dk\/index.php\/wp-json\/wp\/v2\/pages\/44","targetHints":{"allow":["GET"]}}],"collection":[{"href":"https:\/\/www.trekronerif.dk\/index.php\/wp-json\/wp\/v2\/pages"}],"about":[{"href":"https:\/\/www.trekronerif.dk\/index.php\/wp-json\/wp\/v2\/types\/page"}],"author":[{"embeddable":true,"href":"https:\/\/www.trekronerif.dk\/index.php\/wp-json\/wp\/v2\/users\/1"}],"replies":[{"embeddable":true,"href":"https:\/\/www.trekronerif.dk\/index.php\/wp-json\/wp\/v2\/comments?post=44"}],"version-history":[{"count":39,"href":"https:\/\/www.trekronerif.dk\/index.php\/wp-json\/wp\/v2\/pages\/44\/revisions"}],"predecessor-version":[{"id":2725,"href":"https:\/\/www.trekronerif.dk\/index.php\/wp-json\/wp\/v2\/pages\/44\/revisions\/2725"}],"up":[{"embeddable":true,"href":"https:\/\/www.trekronerif.dk\/index.php\/wp-json\/wp\/v2\/pages\/5"}],"wp:attachment":[{"href":"https:\/\/www.trekronerif.dk\/index.php\/wp-json\/wp\/v2\/media?parent=44"}],"curies":[{"name":"wp","href":"https:\/\/api.w.org\/{rel}","templated":true}]}}