{"id":2488,"date":"2022-07-29T07:01:16","date_gmt":"2022-07-29T07:01:16","guid":{"rendered":"https:\/\/www.trekronerif.dk\/?page_id=2488"},"modified":"2023-07-20T12:33:06","modified_gmt":"2023-07-20T12:33:06","slug":"lobeklub","status":"publish","type":"page","link":"https:\/\/www.trekronerif.dk\/index.php\/lobeklub\/","title":{"rendered":"L\u00f8beklub"},"content":{"rendered":"<p>Vores l\u00f8beklub har over \u00e5rene udviklet sig mere til et l\u00f8bef\u00e6llesskab, som bliver st\u00f8ttet med fysisk tr\u00e6ning af kropskernen. Det vil sige, at vi to gange om ugen tilbyder fysisk tr\u00e6ning (se mere nedenfor) p\u00e5 faste tidspunkter, hvorimod l\u00f8beture aftales fra gang til gang via en Messengergruppe.<br \/>\nVi er en blandet gruppe af l\u00f8bere &#8211; nogle l\u00f8ber ofte, langt og hurtigt, mens andre deltager med mellemrum og l\u00f8be mindre hurtigt. Det vil nok v\u00e6re en fordel, hvis du som udgangspunkt kan l\u00f8be en 5 km p\u00e5 under 30 min.<\/p>\n<h3><strong>Tid og sted<\/strong><\/h3>\n<p><strong>Mandag kl. 20:30-22<\/strong> Kort l\u00f8betur som opvarmning udend\u00f8rs, efterfulgt af l\u00f8berelateret styrketr\u00e6ning (fra kl 21) og str\u00e6k\u00f8velser.<br \/>\n<strong>Torsdag kl. 20:00-21:30<\/strong> Kort l\u00f8betur som opvarmning udend\u00f8rs, efterfulgt af l\u00f8berelateret styrketr\u00e6ning (fra kl 21) og str\u00e6k\u00f8velser.<\/p>\n<p>Tiden for l\u00f8beture aftales p\u00e5 vores Messengergruppe. Kontakt Henning via Facebook siden for oprettelse p\u00e5 listen.<\/p>\n<p>Mandag og torsdag m\u00f8des vi ved indgangen til Trekronerhallen. Ved l\u00f8beturene m\u00f8des vi ved broen over RUC-s\u00f8en med mindre andet er aftalt.<\/p>\n<p>Du er velkommen til at deltage 5-8 gange, f\u00f8r du beslutter dig for, at melde dig ind.<br \/>\nHusk ved indend\u00f8rstr\u00e6ning skal man have indend\u00f8rssko p\u00e5 med lyse s\u00e5ler, hvis man bruger sko.<\/p>\n<h3><strong>Find os p\u00e5 Facebook<\/strong><\/h3>\n<p><a href=\"https:\/\/www.facebook.com\/groups\/trekronerlob\">Trekroner IF l\u00f8beklubben<\/a><strong><br \/>\n<\/strong>Tilmelding og betaling sker via <a href=\"https:\/\/www.trekronerif.dk\/index.php\/webshop\/\">hjemmesiden<\/a><br \/>\nmail: loeb(snabela)trekronerif.dk<\/p>\n<h3><strong>Periode<\/strong><\/h3>\n<p>Fra starten af august til udgangen af juni.<\/p>\n<h3><strong>Kontakt<\/strong><\/h3>\n<p>Henning Osholm S\u00f8rensen<\/p>\n<p>mail: loeb(snabela)trekronerif.dk<\/p>\n<h3><strong>Tilmelding<\/strong><\/h3>\n<h3><strong>Pris<\/strong><br \/>\n200,- kr.<\/h3>\n","protected":false},"excerpt":{"rendered":"<p>Vores l\u00f8beklub har over \u00e5rene udviklet sig mere til et l\u00f8bef\u00e6llesskab, som bliver st\u00f8ttet med fysisk tr\u00e6ning af kropskernen. Det vil sige, at vi to gange om ugen tilbyder fysisk tr\u00e6ning (se mere nedenfor) p\u00e5 faste tidspunkter, hvorimod l\u00f8beture aftales &hellip; <a href=\"https:\/\/www.trekronerif.dk\/index.php\/lobeklub\/\">Continue reading <span class=\"meta-nav\">&rarr;<\/span><\/a><\/p>\n","protected":false},"author":1,"featured_media":0,"parent":0,"menu_order":0,"comment_status":"closed","ping_status":"closed","template":"","meta":{"footnotes":""},"class_list":["post-2488","page","type-page","status-publish","hentry"],"_links":{"self":[{"href":"https:\/\/www.trekronerif.dk\/index.php\/wp-json\/wp\/v2\/pages\/2488","targetHints":{"allow":["GET"]}}],"collection":[{"href":"https:\/\/www.trekronerif.dk\/index.php\/wp-json\/wp\/v2\/pages"}],"about":[{"href":"https:\/\/www.trekronerif.dk\/index.php\/wp-json\/wp\/v2\/types\/page"}],"author":[{"embeddable":true,"href":"https:\/\/www.trekronerif.dk\/index.php\/wp-json\/wp\/v2\/users\/1"}],"replies":[{"embeddable":true,"href":"https:\/\/www.trekronerif.dk\/index.php\/wp-json\/wp\/v2\/comments?post=2488"}],"version-history":[{"count":5,"href":"https:\/\/www.trekronerif.dk\/index.php\/wp-json\/wp\/v2\/pages\/2488\/revisions"}],"predecessor-version":[{"id":2614,"href":"https:\/\/www.trekronerif.dk\/index.php\/wp-json\/wp\/v2\/pages\/2488\/revisions\/2614"}],"wp:attachment":[{"href":"https:\/\/www.trekronerif.dk\/index.php\/wp-json\/wp\/v2\/media?parent=2488"}],"curies":[{"name":"wp","href":"https:\/\/api.w.org\/{rel}","templated":true}]}}