{"id":2094,"date":"2019-10-30T12:16:43","date_gmt":"2019-10-30T10:16:43","guid":{"rendered":"http:\/\/www.trekronerif.dk\/?page_id=2094"},"modified":"2019-10-30T12:21:14","modified_gmt":"2019-10-30T10:21:14","slug":"2094-2","status":"publish","type":"page","link":"https:\/\/www.trekronerif.dk\/index.php\/2094-2\/","title":{"rendered":"Privatlivspolitik for Trekroner Idr\u00e6tsforening"},"content":{"rendered":"<p>Herunder er et link til vores privatlivspolitik i .pdf format:<\/p>\n<p><a href=\"http:\/\/www.trekronerif.dk\/wp-content\/uploads\/2019\/10\/Privatlivspolitik-for-Trekroner-Idr\u00e6tsforening.pdf\">29 oktober 2019<\/a><\/p>\n<p>&nbsp;<\/p>\n<p align=\"center\"><strong>Privatlivspolitik for Trekroner Idr\u00e6tsforening <\/strong><\/p>\n<p align=\"center\"><strong>Senest \u00e6ndret d. 29. oktober 2019<\/strong><\/p>\n<p align=\"center\"><strong> <\/strong><\/p>\n<p><strong>Trekroner Idr\u00e6tsforeningens dataansvar<\/strong><\/p>\n<p>Vi behandler personoplysninger og har derfor vedtaget denne privatlivspolitik, der kort fort\u00e6ller dig, hvordan vi behandler dine personoplysninger til sikring af en fair og gennemsigtig behandling.<\/p>\n<p>Gennemg\u00e5ende for vores databehandling er, at vi kun behandler personoplysninger til bestemte form\u00e5l og ud fra berettigede (legitime) interesser. Vi behandler kun personoplysninger, der er relevante og n\u00f8dvendige til opfyldelse af de angivne form\u00e5l, og vi sletter dine oplysninger, n\u00e5r de ikke l\u00e6ngere er n\u00f8dvendige.<\/p>\n<p><span style=\"text-decoration: underline;\"> <\/span><\/p>\n<p><strong>Kontaktoplysninger hos den dataansvarlige<\/strong><\/p>\n<p>Trekroner Idr\u00e6tsforenings bestyrelse er dataansvarlig, og vi sikrer, at dine personoplysninger behandles i overensstemmelse med lovgivningen.<\/p>\n<p>Kontaktoplysninger:<\/p>\n<p>Kontaktperson: Paolo Nesti Poggi<\/p>\n<p>Adresse: Munks\u00f8g\u00e5rd 37<\/p>\n<p>CVR: 16212148<\/p>\n<p>Telefonnr.: 77410277<\/p>\n<p>Mail: tif(snabela)eaktion.com<\/p>\n<p><strong> <\/strong><\/p>\n<p><strong>Samtykke<\/strong><\/p>\n<p>Ved at tilmelde dig foreningen, eller for tr\u00e6nere og holdledere at lade dig registrere i Conventus, giver du os dit samtykke til, at vi behandler dine data i overensstemmelse med denne privatlivspolitik.<\/p>\n<p>N\u00e5r vi indhenter personoplysninger om b\u00f8rn og unge, foretager vi en vurdering af, om barnet selv er i stand til at afgive de p\u00e5g\u00e6ldende personoplysninger. Hvis ikke, indhenter vi samtykke fra en for\u00e6lder. Vores udgangspunkt er 15 \u00e5r.<\/p>\n<p><strong>Behandling af personoplysninger<\/strong><\/p>\n<p>Vi behandler f\u00f8lgende personoplysninger:<\/p>\n<p>1)   Medlemsoplysninger:<\/p>\n<p>&#8211;      Almindelige personoplysninger:<\/p>\n<ul>\n<li>Registrerings- og kontaktoplysninger som navn, k\u00f8n, adresse, indmeldelsesdato, telefonnummer, f\u00f8dselsdato, e-mailadresse<\/li>\n<\/ul>\n<p>&nbsp;<\/p>\n<p>2)   Oplysninger om ledere og tr\u00e6nere:<\/p>\n<p>&#8211;      Almindelige personoplysninger:<\/p>\n<ul>\n<li>Kontaktoplysninger som adresse, telefonnummer og e-mailadresse<\/li>\n<li>Andre oplysninger om tillidsposter, andre hverv i relation til foreningen og bankkontonummer<\/li>\n<\/ul>\n<p>&#8211;      Personoplysninger, der er tillagt en h\u00f8jere grad af beskyttelse:<\/p>\n<ul>\n<li>CPR-nummer<\/li>\n<li>Oplysninger om strafbare forhold ved indhentelse af b\u00f8rneattest<\/li>\n<\/ul>\n<p>&nbsp;<\/p>\n<p><strong>Her indsamler vi oplysninger fra<\/strong><\/p>\n<p>Normalt f\u00e5r vi oplysningerne fra dig. I nogle tilf\u00e6lde kan der v\u00e6re andre kilder:<\/p>\n<ul>\n<li>Offentlige myndigheder, f.eks. n\u00f8dvendige skatteoplysninger ved udbetaling af l\u00f8n<\/li>\n<li>Idr\u00e6ttens hovedorganisationer, f.eks. oplysninger om klubskifter, karant\u00e6ner og kursusdeltagelse<\/li>\n<\/ul>\n<p><strong><span style=\"text-decoration: underline;\"> <\/span><\/strong><\/p>\n<p><strong>Foreningens form\u00e5l med behandling af dine personoplysninger<\/strong><\/p>\n<p>Vi behandler dine personoplysninger til bestemte form\u00e5l, n\u00e5r vi har en lovlig grund.<\/p>\n<p>Lovlige grunde til behandling er s\u00e6rligt:<\/p>\n<ul>\n<li>Foreningens berettigede (legitime) interesser i at behandle dine oplysninger (interesseafvejningsreglen)<\/li>\n<li>At det er n\u00f8dvendigt for at opfylde en kontrakt med dig<\/li>\n<li>Behandling efter lovkrav<\/li>\n<li>Behandling med samtykke<\/li>\n<\/ul>\n<p>&nbsp;<\/p>\n<p>Form\u00e5lene:<\/p>\n<p>1)   Form\u00e5l med behandling af medlemsoplysninger:<\/p>\n<ul>\n<li>Foreningens medlemsh\u00e5ndtering, herunder kontingentopkr\u00e6vning<\/li>\n<li>Som led i foreningens idr\u00e6tsaktiviteter og andre aktiviteter, herunder planl\u00e6gning, gennemf\u00f8relse og opf\u00f8lgning<\/li>\n<li>Opfyldelse af lovkrav, herunder folkeoplysningsloven<\/li>\n<li>Levering af varer og ydelser du har bestilt<\/li>\n<li>Administration af din relation til os<\/li>\n<li>Support ifm. tilmelding i Conventus<\/li>\n<\/ul>\n<p>&nbsp;<\/p>\n<p>2)   Form\u00e5l med behandling af oplysninger p\u00e5 ledere og tr\u00e6nere:<\/p>\n<ul>\n<li>H\u00e5ndtering af tr\u00e6nernes og ledernes hverv og pligter i foreningen<\/li>\n<li>Opfyldelse af lovkrav<\/li>\n<li>Udbetaling af l\u00f8n, godtg\u00f8relser, refusioner og lignende<\/li>\n<li>Administration af din relation til os<\/li>\n<\/ul>\n<p><strong> <\/strong><\/p>\n<p><strong>Vi behandler kun personoplysninger ud fra legitime interesser<\/strong><\/p>\n<p>I det omfang vi behandler dine medlemsoplysninger p\u00e5 baggrund af interesseafvejningsreglen, vil denne behandling udelukkende v\u00e6re motiveret af berettigede (legitime) interesser som:<\/p>\n<ul>\n<li>Ud\u00f8velse af idr\u00e6tsaktivitet, herunder udf\u00e6rdigelse af holdkort, holdopstillinger, interne resultatlister m.v.<\/li>\n<li>H\u00e5ndtering af dine medlemsrettigheder i henhold til vedt\u00e6gterne m.v., herunder i forhold til generalforsamling<\/li>\n<li>Opfyldelse af medlemspligter, herunder opkr\u00e6vning og betaling af kontingent m.v.<\/li>\n<li>Afholdelse af sociale arrangementer, sportslige aktiviteter samt andre aktiviteter<\/li>\n<li>Kun efter indhentet samtykke hos de portr\u00e6tterede, brug af situationsbilleder taget i foreningen, der afbilder en konkret aktivitet eller situation i foreningen<\/li>\n<li>Af praktiske og administrative hensyn opbevarer vi dine medlemsoplysninger ogs\u00e5 i en periode efter din udmeldelse af foreningen (se nedenfor: <strong>Opbevaring og sletning af dine personoplysninger)<\/strong><\/li>\n<li>Af hensyn til kontaktmuligheder kan der for b\u00f8rn og unge under 18 \u00e5r behandles oplysninger om for\u00e6ldrene<\/li>\n<li>Bevaring af oplysninger med historisk v\u00e6rdi til statistik og lignende<\/li>\n<\/ul>\n<p><strong>E-mails\/mailinglister<\/strong><\/p>\n<p>Foreningen og de enkelte tr\u00e6nere\/holdledere har mulighed for at sende mails til deltagerne. Du vil i begr\u00e6nset omfang (det fors\u00f8ges begr\u00e6nset til h\u00f8jst 1-2 gange pr. s\u00e6son) modtage mails vedr. tilmelding til den efterf\u00f8lgende s\u00e6son og n\u00f8dvendig kommunikation om de igangv\u00e6rende aktiviteter. Den almindelige kommunikation fra foreningen til medlemmerne om aktiviteterne og evt. afbud foreg\u00e5r via vores hjemmeside: www.trekronerif.dk<\/p>\n<p><strong>Videregivelse af dine personoplysninger<\/strong><\/p>\n<p>I forbindelse med idr\u00e6tsaktivitet sker der videregivelse af oplysninger om deltagelse og resultater til relevante idr\u00e6tsorganisationer.<\/p>\n<p>Der sker videregivelse af oplysninger om ledere og tr\u00e6nere i relevant omfang til idr\u00e6tsorganisationer, som foreningen er medlem af.<\/p>\n<p>Vi videregiver ikke personoplysninger til firmaer til markedsf\u00f8ring.<\/p>\n<p><strong> <\/strong><\/p>\n<p><strong>Opbevaring og sletning af dine personoplysninger<\/strong><\/p>\n<p>Vi har forskellige behandlingsform\u00e5l og opbevaringsperioder alt efter, om vi behandler dine personoplysninger som medlem af foreningen, som ul\u00f8nnet leder eller tr\u00e6ner eller som l\u00f8nnet leder eller tr\u00e6ner:<\/p>\n<p><span style=\"text-decoration: underline;\">Medlemmer:<\/span><\/p>\n<p>Vi vil opbevare dine personoplysninger i en periode fra medlemskabets oph\u00f8r og i overensstemmelse med f\u00f8lgende kriterier:<\/p>\n<ul>\n<li>Af praktiske og administrative hensyn opbevarer vi dine almindelige medlemsoplysninger i op til 3 \u00e5r efter kalender\u00e5ret for din udmeldelse af foreningen<\/li>\n<\/ul>\n<p><span style=\"text-decoration: underline;\">Ul\u00f8nnede ledere og tr\u00e6nere: <\/span><\/p>\n<p>Vi vil opbevare dine personoplysninger i en periode fra oph\u00f8ret af dit virke og i overensstemmelse med f\u00f8lgende kriterier:<\/p>\n<ul>\n<li>Af praktiske og administrative hensyn opbevarer vi dine almindelige medlemsoplysninger i op til 2 \u00e5r efter dit virke er oph\u00f8rt<\/li>\n<\/ul>\n<p><span style=\"text-decoration: underline;\">L\u00f8nnede ledere og tr\u00e6nere: <\/span><\/p>\n<p>Vi vil opbevare dine personoplysninger i en periode fra oph\u00f8ret af dit virke og i overensstemmelse med f\u00f8lgende kriterier:<\/p>\n<ul>\n<li>Bogf\u00f8ringsbilag, herunder f.eks. l\u00f8nbilag, skal gemmes i 5 \u00e5r fra udl\u00f8bet af det regnskabs\u00e5r, som bilaget drejer sig om<\/li>\n<li>Andre relevante oplysninger til opf\u00f8lgning og stillingtagen til eventuelle krav gemmes i 5 \u00e5r efter arbejdet er oph\u00f8rt<\/li>\n<\/ul>\n<p>Vi opbevarer dog oplysninger p\u00e5 s\u00e5vel medlemmer, ledere og tr\u00e6nere til statistik og lignende, s\u00e5 l\u00e6nge de har historisk v\u00e6rdi.<\/p>\n<p><strong> <\/strong><\/p>\n<p><strong>Dine rettigheder<\/strong><\/p>\n<p>Du har en r\u00e6kke s\u00e6rlige rettigheder efter persondataforordningen, n\u00e5r vi behandler personoplysninger om dig:<\/p>\n<ol start=\"1\">\n<li>Retten til at blive oplyst om behandlingen af data<\/li>\n<li>Retten til indsigt i egne personoplysninger<\/li>\n<li>Retten til berigtigelse<\/li>\n<li>Retten til sletning<\/li>\n<li>Retten til begr\u00e6nsning af behandling<\/li>\n<li>Retten til dataportabilitet (udlevering af data i et almindeligt anvendt format)<\/li>\n<li>Retten til indsigelse<\/li>\n<\/ol>\n<p>&nbsp;<\/p>\n<p>Ang. Pkt. 2., 3. og 6. i listen ovenfor kan du bl.a. logge ind p\u00e5 din konto i Conventus og selv se og rette dine oplysninger. Derudover kan du trykke p\u00e5 knappen \u201dEksport\u201d nederst til h\u00f8jre for at eksportere dine data.<\/p>\n<p>Du kan g\u00f8re brug af dine rettigheder, herunder g\u00f8re indsigelse mod vores behandling, ved at henvende dig til os. Vores kontaktoplysninger finder du \u00f8verst.<\/p>\n<p>Hvis du f.eks. henvender dig med en anmodning om at f\u00e5 rettet eller slettet dine personoplysninger, unders\u00f8ger vi, om betingelserne er opfyldt, og gennemf\u00f8rer i s\u00e5 fald \u00e6ndringer eller sletning s\u00e5 hurtigt som muligt.<\/p>\n<p>Du kan altid indgive en klage til en databeskyttelsestilsynsmyndighed, f.eks. Datatilsynet.<\/p>\n<p><strong><span style=\"text-decoration: underline;\"> <\/span><\/strong><\/p>\n<p><strong>Revidering af privatlivspolitikken <\/strong><\/p>\n<p>Vi forbeholder os retten til at foretage \u00e6ndringer i denne privatlivspolitik fra tid til anden. Ved \u00e6ndringer vil datoen \u00f8verst i privatlivspolitikken blive \u00e6ndret. Den til enhver tid g\u00e6ldende privatlivspolitik vil v\u00e6re tilg\u00e6ngelig p\u00e5 vores websted. Ved v\u00e6sentlige \u00e6ndringer vil du modtage meddelelse herom.<\/p>\n","protected":false},"excerpt":{"rendered":"<p>Herunder er et link til vores privatlivspolitik i .pdf format: 29 oktober 2019 &nbsp; Privatlivspolitik for Trekroner Idr\u00e6tsforening Senest \u00e6ndret d. 29. oktober 2019 Trekroner Idr\u00e6tsforeningens dataansvar Vi behandler personoplysninger og har derfor vedtaget denne privatlivspolitik, der kort fort\u00e6ller dig, &hellip; <a href=\"https:\/\/www.trekronerif.dk\/index.php\/2094-2\/\">Continue reading <span class=\"meta-nav\">&rarr;<\/span><\/a><\/p>\n","protected":false},"author":1,"featured_media":0,"parent":0,"menu_order":0,"comment_status":"closed","ping_status":"closed","template":"","meta":{"footnotes":""},"class_list":["post-2094","page","type-page","status-publish","hentry"],"_links":{"self":[{"href":"https:\/\/www.trekronerif.dk\/index.php\/wp-json\/wp\/v2\/pages\/2094","targetHints":{"allow":["GET"]}}],"collection":[{"href":"https:\/\/www.trekronerif.dk\/index.php\/wp-json\/wp\/v2\/pages"}],"about":[{"href":"https:\/\/www.trekronerif.dk\/index.php\/wp-json\/wp\/v2\/types\/page"}],"author":[{"embeddable":true,"href":"https:\/\/www.trekronerif.dk\/index.php\/wp-json\/wp\/v2\/users\/1"}],"replies":[{"embeddable":true,"href":"https:\/\/www.trekronerif.dk\/index.php\/wp-json\/wp\/v2\/comments?post=2094"}],"version-history":[{"count":6,"href":"https:\/\/www.trekronerif.dk\/index.php\/wp-json\/wp\/v2\/pages\/2094\/revisions"}],"predecessor-version":[{"id":2101,"href":"https:\/\/www.trekronerif.dk\/index.php\/wp-json\/wp\/v2\/pages\/2094\/revisions\/2101"}],"wp:attachment":[{"href":"https:\/\/www.trekronerif.dk\/index.php\/wp-json\/wp\/v2\/media?parent=2094"}],"curies":[{"name":"wp","href":"https:\/\/api.w.org\/{rel}","templated":true}]}}