{"id":1186,"date":"2015-08-01T18:03:08","date_gmt":"2015-08-01T16:03:08","guid":{"rendered":"http:\/\/www.trekronerif.dk\/?page_id=1186"},"modified":"2022-09-21T08:45:25","modified_gmt":"2022-09-21T08:45:25","slug":"basketball-trekroner-tornados","status":"publish","type":"page","link":"https:\/\/www.trekronerif.dk\/index.php\/basketball-trekroner-tornados\/","title":{"rendered":"Basketball, Trekroner Tornados"},"content":{"rendered":"<p>Vi spiller basket hver mandag fra 20:00 til 21:30 i hallen p\u00e5 Trekroner Skole. Det er et blandet hold for alle aldre, niveau (men det vil v\u00e6re fint, hvis du liiiige kender de grundl\u00e6ggende regler) og k\u00f8n &#8211; s\u00e5 kig forbi!<\/p>\n<p>F\u00f8lg med i vores Facebook-gruppe: <a title=\"www.facebook.com\/groups\/968737826519005\/\" href=\"http:\/\/www.facebook.com\/groups\/968737826519005\/\">https:\/\/www.facebook.com\/groups\/968737826519005\/<\/a><\/p>\n<p><strong>Sted<\/strong><br \/>\nHallen p\u00e5 Trekronerskolen (Trekronerhallen)<\/p>\n<p><strong>Tid<\/strong><br \/>\nMandag klokken 20:00 \u2013 21:30<\/p>\n<p><strong>Periode<\/strong><br \/>\nVi spiller fra august\u00a0 til juni<\/p>\n<p><strong>Kontakt<\/strong><\/p>\n<p>Martin Fallesen<\/p>\n<p>mail: basket(snabela)trekronerif.dk<\/p>\n<p><strong>Tilmelding<\/strong><br \/>\nDer \u00e5bnes for tilmeldinger i l\u00f8bet af sommeren.<\/p>\n<p><strong>Pris<\/strong><br \/>\n200 kr. Vi spiller uden tr\u00e6ner \u2013 derfor kan vi holde prisen s\u00e5 langt nede.<\/p>\n","protected":false},"excerpt":{"rendered":"<p>Vi spiller basket hver mandag fra 20:00 til 21:30 i hallen p\u00e5 Trekroner Skole. Det er et blandet hold for alle aldre, niveau (men det vil v\u00e6re fint, hvis du liiiige kender de grundl\u00e6ggende regler) og k\u00f8n &#8211; s\u00e5 kig &hellip; <a href=\"https:\/\/www.trekronerif.dk\/index.php\/basketball-trekroner-tornados\/\">Continue reading <span class=\"meta-nav\">&rarr;<\/span><\/a><\/p>\n","protected":false},"author":1,"featured_media":0,"parent":0,"menu_order":0,"comment_status":"closed","ping_status":"closed","template":"","meta":{"footnotes":""},"class_list":["post-1186","page","type-page","status-publish","hentry"],"_links":{"self":[{"href":"https:\/\/www.trekronerif.dk\/index.php\/wp-json\/wp\/v2\/pages\/1186","targetHints":{"allow":["GET"]}}],"collection":[{"href":"https:\/\/www.trekronerif.dk\/index.php\/wp-json\/wp\/v2\/pages"}],"about":[{"href":"https:\/\/www.trekronerif.dk\/index.php\/wp-json\/wp\/v2\/types\/page"}],"author":[{"embeddable":true,"href":"https:\/\/www.trekronerif.dk\/index.php\/wp-json\/wp\/v2\/users\/1"}],"replies":[{"embeddable":true,"href":"https:\/\/www.trekronerif.dk\/index.php\/wp-json\/wp\/v2\/comments?post=1186"}],"version-history":[{"count":18,"href":"https:\/\/www.trekronerif.dk\/index.php\/wp-json\/wp\/v2\/pages\/1186\/revisions"}],"predecessor-version":[{"id":2509,"href":"https:\/\/www.trekronerif.dk\/index.php\/wp-json\/wp\/v2\/pages\/1186\/revisions\/2509"}],"wp:attachment":[{"href":"https:\/\/www.trekronerif.dk\/index.php\/wp-json\/wp\/v2\/media?parent=1186"}],"curies":[{"name":"wp","href":"https:\/\/api.w.org\/{rel}","templated":true}]}}